{"id":899,"date":"2021-12-09T18:08:57","date_gmt":"2021-12-09T23:08:57","guid":{"rendered":"https:\/\/mapitourperu.com\/?post_type=product&amp;p=899"},"modified":"2021-12-09T18:08:57","modified_gmt":"2021-12-09T23:08:57","slug":"ingrese-el-monto-a-pagar-enter-the-amount-to-pay","status":"publish","type":"product","link":"https:\/\/mapitourperu.com\/store\/shop\/uncategorized\/ingrese-el-monto-a-pagar-enter-the-amount-to-pay\/","title":{"rendered":"Ingrese el monto a pagar \/ Enter the amount to pay"},"content":{"rendered":"<ul>\n<li>Espa\u00f1ol: Estimado pasajero, esta es nuestra plataforma de pago en l\u00ednea, recuerde que con este m\u00e9todo de pago se agrega a su pago el 5% del monto total pagado (tarifas de transacci\u00f3n)<\/li>\n<li>English: Dear passenger, this is our online payment platform, remember that using this payment method 5% of the total amount paid is added to your payment (transaction fees).<\/li>\n<\/ul>\n","protected":false},"excerpt":{"rendered":"<ul>\n<li>Espa\u00f1ol: Pago del dep\u00f3sito inicial para un tour o programa<\/li>\n<li>English: Payment of initial deposit for a tour trek or program)<\/li>\n<\/ul>\n","protected":false},"featured_media":901,"comment_status":"closed","ping_status":"closed","template":"","meta":{"_seopress_robots_primary_cat":"none","_seopress_titles_title":"","_seopress_titles_desc":"","_seopress_robots_index":""},"product_cat":[15],"product_tag":[],"class_list":{"0":"post-899","1":"product","2":"type-product","3":"status-publish","4":"has-post-thumbnail","6":"product_cat-uncategorized","8":"first","9":"instock","10":"shipping-taxable","11":"product-type-simple"},"_links":{"self":[{"href":"https:\/\/mapitourperu.com\/store\/wp-json\/wp\/v2\/product\/899","targetHints":{"allow":["GET"]}}],"collection":[{"href":"https:\/\/mapitourperu.com\/store\/wp-json\/wp\/v2\/product"}],"about":[{"href":"https:\/\/mapitourperu.com\/store\/wp-json\/wp\/v2\/types\/product"}],"replies":[{"embeddable":true,"href":"https:\/\/mapitourperu.com\/store\/wp-json\/wp\/v2\/comments?post=899"}],"wp:featuredmedia":[{"embeddable":true,"href":"https:\/\/mapitourperu.com\/store\/wp-json\/"}],"wp:attachment":[{"href":"https:\/\/mapitourperu.com\/store\/wp-json\/wp\/v2\/media?parent=899"}],"wp:term":[{"taxonomy":"product_cat","embeddable":true,"href":"https:\/\/mapitourperu.com\/store\/wp-json\/wp\/v2\/product_cat?post=899"},{"taxonomy":"product_tag","embeddable":true,"href":"https:\/\/mapitourperu.com\/store\/wp-json\/wp\/v2\/product_tag?post=899"}],"curies":[{"name":"wp","href":"https:\/\/api.w.org\/{rel}","templated":true}]}}